{"id":3124,"date":"2018-07-05T01:04:27","date_gmt":"2018-07-05T01:04:27","guid":{"rendered":"https:\/\/www.gavias-theme.com\/wp\/inusti\/?page_id=3124"},"modified":"2025-01-30T14:33:49","modified_gmt":"2025-01-30T17:33:49","slug":"nossos-produtos","status":"publish","type":"page","link":"https:\/\/inmacis.com.br\/index.php\/nossos-produtos\/","title":{"rendered":"Nossos produtos"},"content":{"rendered":"\t\t<div data-elementor-type=\"wp-post\" data-elementor-id=\"3124\" class=\"elementor elementor-3124\" data-elementor-post-type=\"page\">\n\t\t\t\t\t\t<section class=\"elementor-section elementor-top-section elementor-element elementor-element-1c672db elementor-section-boxed elementor-section-height-default elementor-section-height-default\" data-id=\"1c672db\" data-element_type=\"section\" data-settings=\"{&quot;background_background&quot;:&quot;classic&quot;}\">\n\t\t\t\t\t\t<div class=\"elementor-container elementor-column-gap-default\">\n\t\t\t\t\t<div class=\"elementor-column elementor-col-100 elementor-top-column elementor-element elementor-element-0165fe9 top column-style-top\" data-id=\"0165fe9\" data-element_type=\"column\">\n\t\t\t<div class=\"elementor-widget-wrap elementor-element-populated\">\n\t\t\t\t\t\t<div class=\"elementor-element elementor-element-30a61c6 elementor-widget elementor-widget-gva-heading-block\" data-id=\"30a61c6\" data-element_type=\"widget\" data-widget_type=\"gva-heading-block.default\">\n\t\t\t\t<div class=\"elementor-widget-container\">\n\t\t\t<div class=\"gva-element-gva-heading-block gva-element\">   <div class=\"align-center style-1 widget gsc-heading box-align-center\">\r\n      <div class=\"content-inner\">\r\n         \r\n                  \r\n                     <div class=\"clearfix\"><div class=\"sub-title\"><span>O que n\u00f3s oferecemos a voce?<\/span><\/div><\/div>\r\n           \r\n         \r\n                     <h2 class=\"title\">\r\n               <span>FA\u00c7A UM INVESTIMENTO EM PRODUTIVIDADE!<\/span>\r\n            <\/h2>\r\n                              <div class=\"title-desc\">A Inmacis oferece tecnologias exclusivas no Brasil que visam reduzir a m\u00e3o de obra e agilizar o processo de manuseio.\n\n<\/div>\r\n         \r\n         \r\n      <\/div>\r\n   <\/div>\r\n   <div class=\"clearfix\"><\/div>\r\n<\/div>\t\t<\/div>\n\t\t\t\t<\/div>\n\t\t\t\t<div class=\"elementor-element elementor-element-07e24b3 elementor-widget elementor-widget-gva-services-group\" data-id=\"07e24b3\" data-element_type=\"widget\" data-widget_type=\"gva-services-group.default\">\n\t\t\t\t<div class=\"elementor-widget-container\">\n\t\t\t<div class=\"gva-element-gva-services-group gva-element\">\r\n<div class=\"gsc-services-group layout-grid\">\r\n   <div class=\"lg-block-grid-3 md-block-grid-3 sm-block-grid-2 xs-block-grid-2 xx-block-grid-1\">\r\n               <div class=\"item-columns\">\r\n            \r\n   <div class=\"service-item style-1\">\r\n      <div class=\"service-item-content\">\r\n      \t\t<div class=\"service-image\">\t      \t\r\n\t\t\t\r\n\t\t\t\t\t\t\t<img decoding=\"async\" src=\"https:\/\/inmacis.com.br\/wp-content\/uploads\/2023\/03\/inmacis-341.jpg\" alt=\"ACUMULADOR DE FARDOS\" \/>\r\n\t\t\t\t\t\r\n\t            \t\t\t\t\t<span class=\"service-icon\">\r\n\t\t\t\t\t\t<i aria-hidden=\"true\" class=\"fas fa-info-circle\"><\/i>\t\t\t\t\t<\/span>\r\n\t\t\t\t\t\t\t<\/div>\r\n            <div class=\"service-content\">\r\n\t\t\t\t\t\t\t\t\t<h3 class=\"title\"><span>ACUMULADOR DE FARDOS<\/span><\/h3>\r\n\t\t\t\t\r\n\t\t\t\t\t\t\t\t\t<div class=\"desc\">A <b>Inmacis<\/b> desenvolveu um produto que revolucionou a ind\u00fastria agr\u00edcola e pecu\u00e1ria<\/div>\r\n\t\t\t\t\r\n\t\t\t\t\t\t\t\t\t\r\n\t\t\t\t\t<div class=\"read-more\">\r\n\t\t               <a href=\"https:\/\/inmacis.com.br\/index.php\/nossos-produtos\/acumuladores-de-fardos\/\">\r\n\t\t               \t<i class=\"fas fa-long-arrow-alt-right\"><\/i>\r\n\t\t               <\/a>\r\n\t\t            <\/div>\r\n\t\t\t\t\t\t\t<\/div>\r\n\t\t<\/div>\r\n\t\t\r\n\t\t        <a href=\"https:\/\/inmacis.com.br\/index.php\/nossos-produtos\/acumuladores-de-fardos\/\" class=\"link-overlay\" target=\"_blank\"><\/a>\r\n        \t<\/div>\t\t\r\n\t\r\n\r\n\r\n<!-- Style II -->\r\n\t         <\/div>\r\n               <div class=\"item-columns\">\r\n            \r\n   <div class=\"service-item style-1\">\r\n      <div class=\"service-item-content\">\r\n      \t\t<div class=\"service-image\">\t      \t\r\n\t\t\t\r\n\t\t\t\t\t\t\t<img decoding=\"async\" src=\"https:\/\/inmacis.com.br\/wp-content\/uploads\/2023\/04\/pegador-cuadrado-inmacis-341.jpg\" alt=\"PEGADORES DE FARDOS\" \/>\r\n\t\t\t\t\t\r\n\t            \t\t\t\t\t<span class=\"service-icon\">\r\n\t\t\t\t\t\t<i aria-hidden=\"true\" class=\"fas fa-info-circle\"><\/i>\t\t\t\t\t<\/span>\r\n\t\t\t\t\t\t\t<\/div>\r\n            <div class=\"service-content\">\r\n\t\t\t\t\t\t\t\t\t<h3 class=\"title\"><span>PEGADORES DE FARDOS<\/span><\/h3>\r\n\t\t\t\t\r\n\t\t\t\t\t\t\t\t\t<div class=\"desc\">Com o pegador de fardos <b>Inmacis<\/b> \u00e9 poss\u00edvel simplificar e agilizar o transporte de...<\/div>\r\n\t\t\t\t\r\n\t\t\t\t\t\t\t\t\t\r\n\t\t\t\t\t<div class=\"read-more\">\r\n\t\t               <a href=\"https:\/\/inmacis.com.br\/index.php\/nossos-produtos\/pegadores-de-fardos\/\">\r\n\t\t               \t<i class=\"fas fa-long-arrow-alt-right\"><\/i>\r\n\t\t               <\/a>\r\n\t\t            <\/div>\r\n\t\t\t\t\t\t\t<\/div>\r\n\t\t<\/div>\r\n\t\t\r\n\t\t        <a href=\"https:\/\/inmacis.com.br\/index.php\/nossos-produtos\/pegadores-de-fardos\/\" class=\"link-overlay\" target=\"_blank\"><\/a>\r\n        \t<\/div>\t\t\r\n\t\r\n\r\n\r\n<!-- Style II -->\r\n\t         <\/div>\r\n               <div class=\"item-columns\">\r\n            \r\n   <div class=\"service-item style-1\">\r\n      <div class=\"service-item-content\">\r\n      \t\t<div class=\"service-image\">\t      \t\r\n\t\t\t\r\n\t\t\t\t\t\t\t<img decoding=\"async\" src=\"https:\/\/inmacis.com.br\/wp-content\/uploads\/2023\/03\/inmacis-236-1024x683-1.jpg\" alt=\"TORRE DE EMPILHADEIRA\" \/>\r\n\t\t\t\t\t\r\n\t            \t\t\t\t\t<span class=\"service-icon\">\r\n\t\t\t\t\t\t<i aria-hidden=\"true\" class=\"fas fa-info-circle\"><\/i>\t\t\t\t\t<\/span>\r\n\t\t\t\t\t\t\t<\/div>\r\n            <div class=\"service-content\">\r\n\t\t\t\t\t\t\t\t\t<h3 class=\"title\"><span>TORRE DE EMPILHADEIRA<\/span><\/h3>\r\n\t\t\t\t\r\n\t\t\t\t\t\t\t\t\t<div class=\"desc\"><b>Inmacis<\/b> desenvolveu uma torre de empilhadeira vers\u00e1til e eficiente que \u00e9 adapt\u00e1vel...<\/div>\r\n\t\t\t\t\r\n\t\t\t\t\t\t\t\t\t\r\n\t\t\t\t\t<div class=\"read-more\">\r\n\t\t               <a href=\"http:\/\/inmacis-rebranding.com\/index.php\/nossos-produtos\/torre-de-empilhaeira-agricola-tei-1200\/\">\r\n\t\t               \t<i class=\"fas fa-long-arrow-alt-right\"><\/i>\r\n\t\t               <\/a>\r\n\t\t            <\/div>\r\n\t\t\t\t\t\t\t<\/div>\r\n\t\t<\/div>\r\n\t\t\r\n\t\t        <a href=\"inmacis-rebranding.com\/index.php\/nossos-produtos\/torre-de-empilhaeira-agricola-tei-1200\/\" class=\"link-overlay\" target=\"_blank\"><\/a>\r\n        \t<\/div>\t\t\r\n\t\r\n\r\n\r\n<!-- Style II -->\r\n\t         <\/div>\r\n               <div class=\"item-columns\">\r\n            \r\n   <div class=\"service-item style-1\">\r\n      <div class=\"service-item-content\">\r\n      \t\t<div class=\"service-image\">\t      \t\r\n\t\t\t\r\n\t\t\t\t\t\t\t<img decoding=\"async\" src=\"https:\/\/inmacis.com.br\/wp-content\/uploads\/2023\/03\/CARRETA-inmacis-236-1024x683-1.jpg\" alt=\"CARRETAS\" \/>\r\n\t\t\t\t\t\r\n\t            \t\t\t\t\t<span class=\"service-icon\">\r\n\t\t\t\t\t\t<i aria-hidden=\"true\" class=\"fas fa-info-circle\"><\/i>\t\t\t\t\t<\/span>\r\n\t\t\t\t\t\t\t<\/div>\r\n            <div class=\"service-content\">\r\n\t\t\t\t\t\t\t\t\t<h3 class=\"title\"><span>CARRETAS<\/span><\/h3>\r\n\t\t\t\t\r\n\t\t\t\t\t\t\t\t\t<div class=\"desc\">A carreta <B>Inmacis<\/B> \u00e9 o equipamento ideal para agilizar os processos de carga, descarga e...<\/div>\r\n\t\t\t\t\r\n\t\t\t\t\t\t\t\t\t\r\n\t\t\t\t\t<div class=\"read-more\">\r\n\t\t               <a href=\"https:\/\/inmacis.com.br\/index.php\/nossos-produtos\/carretas\/\">\r\n\t\t               \t<i class=\"fas fa-long-arrow-alt-right\"><\/i>\r\n\t\t               <\/a>\r\n\t\t            <\/div>\r\n\t\t\t\t\t\t\t<\/div>\r\n\t\t<\/div>\r\n\t\t\r\n\t\t        <a href=\"https:\/\/inmacis.com.br\/index.php\/nossos-produtos\/carretas\/\" class=\"link-overlay\" target=\"_blank\"><\/a>\r\n        \t<\/div>\t\t\r\n\t\r\n\r\n\r\n<!-- Style II -->\r\n\t         <\/div>\r\n               <div class=\"item-columns\">\r\n            \r\n   <div class=\"service-item style-1\">\r\n      <div class=\"service-item-content\">\r\n      \t\t<div class=\"service-image\">\t      \t\r\n\t\t\t\r\n\t\t\t\t\t\t\t<img decoding=\"async\" src=\"https:\/\/inmacis.com.br\/wp-content\/uploads\/2025\/01\/Macerator-6620.jpeg\" alt=\"MACERATOR\" \/>\r\n\t\t\t\t\t\r\n\t            \t\t\t\t\t<span class=\"service-icon\">\r\n\t\t\t\t\t\t<i aria-hidden=\"true\" class=\"fas fa-info-circle\"><\/i>\t\t\t\t\t<\/span>\r\n\t\t\t\t\t\t\t<\/div>\r\n            <div class=\"service-content\">\r\n\t\t\t\t\t\t\t\t\t<h3 class=\"title\"><span>MACERATOR<\/span><\/h3>\r\n\t\t\t\t\r\n\t\t\t\t\t\t\t\t\t<div class=\"desc\">Produ\u00e7\u00e3o de feno mais eficiente, secagem r\u00e1pida, preserva\u00e7\u00e3o de nutrientes e muito mais.<\/div>\r\n\t\t\t\t\r\n\t\t\t\t\t\t\t\t\t\r\n\t\t\t\t\t<div class=\"read-more\">\r\n\t\t               <a href=\"https:\/\/inmacis.com.br\/index.php\/nossos-produtos\/carretas\/\">\r\n\t\t               \t<i class=\"fas fa-long-arrow-alt-right\"><\/i>\r\n\t\t               <\/a>\r\n\t\t            <\/div>\r\n\t\t\t\t\t\t\t<\/div>\r\n\t\t<\/div>\r\n\t\t\r\n\t\t        <a href=\"https:\/\/inmacis.com.br\/index.php\/nossos-produtos\/carretas\/\" class=\"link-overlay\" target=\"_blank\"><\/a>\r\n        \t<\/div>\t\t\r\n\t\r\n\r\n\r\n<!-- Style II -->\r\n\t         <\/div>\r\n               <div class=\"item-columns\">\r\n            \r\n   <div class=\"service-item style-1\">\r\n      <div class=\"service-item-content\">\r\n      \t\t<div class=\"service-image\">\t      \t\r\n\t\t\t\r\n\t\t\t\t\t\t\t<img decoding=\"async\" src=\"https:\/\/inmacis.com.br\/wp-content\/uploads\/2023\/04\/consultoria-tecnica-1.jpg\" alt=\"Consultoria T\u00e9cnica\" \/>\r\n\t\t\t\t\t\r\n\t            \t\t\t\t\t<span class=\"service-icon\">\r\n\t\t\t\t\t\t<i aria-hidden=\"true\" class=\"fas fa-info-circle\"><\/i>\t\t\t\t\t<\/span>\r\n\t\t\t\t\t\t\t<\/div>\r\n            <div class=\"service-content\">\r\n\t\t\t\t\t\t\t\t\t<h3 class=\"title\"><span>Consultoria T\u00e9cnica<\/span><\/h3>\r\n\t\t\t\t\r\n\t\t\t\t\t\t\t\t\t<div class=\"desc\"><b>Na Inmacis<\/b> , entendemos que o sucesso de nossos clientes \u00e9 o nosso sucesso.<\/div>\r\n\t\t\t\t\r\n\t\t\t\t\t\t\t\t\t\r\n\t\t\t\t\t<div class=\"read-more\">\r\n\t\t               <a href=\"https:\/\/inmacis.com.br\/index.php\/nossos-produtos\/consultoria-tecnica\/\">\r\n\t\t               \t<i class=\"fas fa-long-arrow-alt-right\"><\/i>\r\n\t\t               <\/a>\r\n\t\t            <\/div>\r\n\t\t\t\t\t\t\t<\/div>\r\n\t\t<\/div>\r\n\t\t\r\n\t\t        <a href=\"https:\/\/inmacis.com.br\/index.php\/nossos-produtos\/consultoria-tecnica\/\" class=\"link-overlay\" target=\"_blank\"><\/a>\r\n        \t<\/div>\t\t\r\n\t\r\n\r\n\r\n<!-- Style II -->\r\n\t         <\/div>\r\n               <div class=\"item-columns\">\r\n            \r\n   <div class=\"service-item style-1\">\r\n      <div class=\"service-item-content\">\r\n      \t\t<div class=\"service-image\">\t      \t\r\n\t\t\t\r\n\t\t\t\t\t\t\t<img decoding=\"async\" src=\"https:\/\/inmacis.com.br\/wp-content\/uploads\/2023\/04\/consultoria.jpg\" alt=\"Treinamento E Forma\u00e7\u00e3o Em Uso De M\u00e1quinas\" \/>\r\n\t\t\t\t\t\r\n\t            \t\t\t\t\t<span class=\"service-icon\">\r\n\t\t\t\t\t\t<i aria-hidden=\"true\" class=\"fas fa-info-circle\"><\/i>\t\t\t\t\t<\/span>\r\n\t\t\t\t\t\t\t<\/div>\r\n            <div class=\"service-content\">\r\n\t\t\t\t\t\t\t\t\t<h3 class=\"title\"><span>Treinamento E Forma\u00e7\u00e3o Em Uso De M\u00e1quinas<\/span><\/h3>\r\n\t\t\t\t\r\n\t\t\t\t\t\t\t\t\t<div class=\"desc\">A <b>Inmacis<\/b> \u00e9 uma empresa que se preocupa em oferecer o melhor para seus clientes e parceiros.<\/div>\r\n\t\t\t\t\r\n\t\t\t\t\t\t\t\t\t\r\n\t\t\t\t\t<div class=\"read-more\">\r\n\t\t               <a href=\"https:\/\/inmacis.com.br\/index.php\/nossos-produtos\/treinamento-e-formacao-em-uso-de-maquinas\/\">\r\n\t\t               \t<i class=\"fas fa-long-arrow-alt-right\"><\/i>\r\n\t\t               <\/a>\r\n\t\t            <\/div>\r\n\t\t\t\t\t\t\t<\/div>\r\n\t\t<\/div>\r\n\t\t\r\n\t\t        <a href=\"https:\/\/inmacis.com.br\/index.php\/nossos-produtos\/treinamento-e-formacao-em-uso-de-maquinas\/\" class=\"link-overlay\" target=\"_blank\"><\/a>\r\n        \t<\/div>\t\t\r\n\t\r\n\r\n\r\n<!-- Style II -->\r\n\t         <\/div>\r\n               <div class=\"item-columns\">\r\n            \r\n   <div class=\"service-item style-1\">\r\n      <div class=\"service-item-content\">\r\n      \t\t<div class=\"service-image\">\t      \t\r\n\t\t\t\r\n\t\t\t\t\t\t\t<img decoding=\"async\" src=\"https:\/\/inmacis.com.br\/wp-content\/uploads\/2023\/03\/Servico-de-manutencao-e-reparacao..jpg\" alt=\"SERVI\u00c7O DE MANUTEN\u00c7\u00c3O E REPARA\u00c7\u00c3O.\" \/>\r\n\t\t\t\t\t\r\n\t            \t\t\t\t\t<span class=\"service-icon\">\r\n\t\t\t\t\t\t<i aria-hidden=\"true\" class=\"fas fa-info-circle\"><\/i>\t\t\t\t\t<\/span>\r\n\t\t\t\t\t\t\t<\/div>\r\n            <div class=\"service-content\">\r\n\t\t\t\t\t\t\t\t\t<h3 class=\"title\"><span>SERVI\u00c7O DE MANUTEN\u00c7\u00c3O E REPARA\u00c7\u00c3O.<\/span><\/h3>\r\n\t\t\t\t\r\n\t\t\t\t\t\t\t\t\t<div class=\"desc\">Realizamos a manuten\u00e7\u00e3o e reparo das m\u00e1quinas...<\/div>\r\n\t\t\t\t\r\n\t\t\t\t\t\t\t<\/div>\r\n\t\t<\/div>\r\n\t\t\r\n\t\t\t<\/div>\t\t\r\n\t\r\n\r\n\r\n<!-- Style II -->\r\n\t         <\/div>\r\n         <\/div>   \r\n<\/div>\r\n<\/div>\t\t<\/div>\n\t\t\t\t<\/div>\n\t\t\t\t\t<\/div>\n\t\t<\/div>\n\t\t\t\t\t<\/div>\n\t\t<\/section>\n\t\t\t\t<section class=\"elementor-section elementor-top-section elementor-element elementor-element-ac8c804 elementor-section-boxed elementor-section-height-default elementor-section-height-default\" data-id=\"ac8c804\" data-element_type=\"section\" data-settings=\"{&quot;background_background&quot;:&quot;video&quot;,&quot;background_video_link&quot;:&quot;https:\\\/\\\/inmacis.com.br\\\/wp-content\\\/uploads\\\/2023\\\/03\\\/inmacis-background.mp4&quot;,&quot;background_play_on_mobile&quot;:&quot;yes&quot;}\">\n\t\t\t\t\t\t\t\t<div class=\"elementor-background-video-container\">\n\t\t\t\t\t\t\t\t\t\t\t\t\t<video class=\"elementor-background-video-hosted elementor-html5-video\" autoplay muted playsinline loop><\/video>\n\t\t\t\t\t\t\t\t\t\t\t<\/div>\n\t\t\t\t\t\t\t\t\t<div class=\"elementor-background-overlay\"><\/div>\n\t\t\t\t\t\t\t<div class=\"elementor-container elementor-column-gap-default\">\n\t\t\t\t\t<div class=\"elementor-column elementor-col-50 elementor-top-column elementor-element elementor-element-6d673ee top column-style-top\" data-id=\"6d673ee\" data-element_type=\"column\">\n\t\t\t<div class=\"elementor-widget-wrap elementor-element-populated\">\n\t\t\t\t\t\t<div class=\"elementor-element elementor-element-d444802 elementor-widget elementor-widget-text-editor\" data-id=\"d444802\" data-element_type=\"widget\" data-widget_type=\"text-editor.default\">\n\t\t\t\t<div class=\"elementor-widget-container\">\n\t\t\t<style>\/*! elementor - v3.23.0 - 05-08-2024 *\/\n.elementor-widget-text-editor.elementor-drop-cap-view-stacked .elementor-drop-cap{background-color:#69727d;color:#fff}.elementor-widget-text-editor.elementor-drop-cap-view-framed .elementor-drop-cap{color:#69727d;border:3px solid;background-color:transparent}.elementor-widget-text-editor:not(.elementor-drop-cap-view-default) .elementor-drop-cap{margin-top:8px}.elementor-widget-text-editor:not(.elementor-drop-cap-view-default) .elementor-drop-cap-letter{width:1em;height:1em}.elementor-widget-text-editor .elementor-drop-cap{float:left;text-align:center;line-height:1;font-size:50px}.elementor-widget-text-editor .elementor-drop-cap-letter{display:inline-block}<\/style>\t\t\t\t<p style=\"text-align: center;\">N\u00e3o deixe a falta de contato te impedir de alcan\u00e7ar o sucesso. Solicite seu or\u00e7amento gratuito agora mesmo e comece a colher os benef\u00edcios!<\/p>\t\t\t\t\t\t<\/div>\n\t\t\t\t<\/div>\n\t\t\t\t<div class=\"elementor-element elementor-element-15d9195 elementor-widget elementor-widget-gva-heading-block\" data-id=\"15d9195\" data-element_type=\"widget\" data-widget_type=\"gva-heading-block.default\">\n\t\t\t\t<div class=\"elementor-widget-container\">\n\t\t\t<div class=\"gva-element-gva-heading-block gva-element\">   <div class=\"align-center style-1 widget gsc-heading box-align-left\">\r\n      <div class=\"content-inner\">\r\n         \r\n                  \r\n           \r\n         \r\n                     <h2 class=\"title\">\r\n               <span>Obtenha um Or\u00e7amento Gratuito!<\/span>\r\n            <\/h2>\r\n                  \r\n         \r\n      <\/div>\r\n   <\/div>\r\n   <div class=\"clearfix\"><\/div>\r\n<\/div>\t\t<\/div>\n\t\t\t\t<\/div>\n\t\t\t\t<div class=\"elementor-element elementor-element-01bd518 full-width elementor-widget elementor-widget-gva-call-to-action\" data-id=\"01bd518\" data-element_type=\"widget\" data-widget_type=\"gva-call-to-action.default\">\n\t\t\t\t<div class=\"elementor-widget-container\">\n\t\t\t<div class=\"gva-element-gva-call-to-action gva-element\">\r\n   <div class=\"button-center widget gsc-call-to-action\">\r\n      <div class=\"content-inner clearfix\" >\r\n         <div class=\"cta-content\">\r\n                           <h2 class=\"title\">\r\n                  <span>\u00a0<\/span>\r\n               <\/h2>\r\n                                             <\/div>\r\n                     <div class=\"button-action\">\r\n                       <a href=\"#\" class=\"btn-cta btn-theme\">\r\n          <span>Contate-nos<\/span>\r\n        <\/a>\r\n\r\n                    <\/div>\r\n               <\/div>\r\n   <\/div>\r\n<\/div>\t\t<\/div>\n\t\t\t\t<\/div>\n\t\t\t\t\t<\/div>\n\t\t<\/div>\n\t\t\t\t<div class=\"elementor-column elementor-col-50 elementor-top-column elementor-element elementor-element-81ccc12 top column-style-top\" data-id=\"81ccc12\" data-element_type=\"column\">\n\t\t\t<div class=\"elementor-widget-wrap elementor-element-populated\">\n\t\t\t\t\t\t<div class=\"elementor-element elementor-element-46830f8 elementor-widget__width-auto elementor-widget-mobile__width-inherit elementor-widget elementor-widget-text-editor\" data-id=\"46830f8\" data-element_type=\"widget\" data-widget_type=\"text-editor.default\">\n\t\t\t\t<div class=\"elementor-widget-container\">\n\t\t\t\t\t\t\t<p>Assista nosso v\u00eddeo<\/p>\t\t\t\t\t\t<\/div>\n\t\t\t\t<\/div>\n\t\t\t\t<div class=\"elementor-element elementor-element-d0cc542 elementor-widget__width-auto elementor-widget elementor-widget-gva-video-box\" data-id=\"d0cc542\" data-element_type=\"widget\" data-widget_type=\"gva-video-box.default\">\n\t\t\t\t<div class=\"elementor-widget-container\">\n\t\t\t<div class=\"gva-element-gva-video-box gva-element\">\r\n   <div class=\"widget gsc-video-box clearfix style-1\">\r\n      <div class=\"video-inner\">\r\n         <div class=\"video-image\">\r\n               \r\n            <div class=\"video-action\">\r\n                                 <a href=\"https:\/\/www.youtube.com\/watch?v=OwmZxZz4OUY\" class=\"popup-video\"><span><i class=\"fa fa-play\"><\/i><\/span><\/a>\r\n                 \r\n            <\/div>    \r\n         <\/div>\r\n            \r\n      <\/div>\r\n   <\/div> \r\n\r\n \r\n<\/div>\t\t<\/div>\n\t\t\t\t<\/div>\n\t\t\t\t\t<\/div>\n\t\t<\/div>\n\t\t\t\t\t<\/div>\n\t\t<\/section>\n\t\t\t\t<\/div>\n\t\t","protected":false},"excerpt":{"rendered":"<p>O que n\u00f3s oferecemos a voce? FA\u00c7A UM INVESTIMENTO EM PRODUTIVIDADE! A Inmacis oferece tecnologias exclusivas no Brasil que visam reduzir a m\u00e3o de obra e agilizar o processo de manuseio. ACUMULADOR DE FARDOS A Inmacis desenvolveu um produto que revolucionou a ind\u00fastria agr\u00edcola e pecu\u00e1ria PEGADORES DE FARDOS Com o pegador de fardos Inmacis [&hellip;]<\/p>\n","protected":false},"author":2,"featured_media":0,"parent":0,"menu_order":0,"comment_status":"closed","ping_status":"closed","template":"","meta":{"_seopress_robots_primary_cat":"","_seopress_titles_title":"","_seopress_titles_desc":"","_seopress_robots_index":"","om_disable_all_campaigns":false,"inline_featured_image":false,"_monsterinsights_skip_tracking":false,"_monsterinsights_sitenote_active":false,"_monsterinsights_sitenote_note":"","_monsterinsights_sitenote_category":0,"_uf_show_specific_survey":0,"_uf_disable_surveys":false,"footnotes":""},"class_list":["post-3124","page","type-page","status-publish","hentry"],"_links":{"self":[{"href":"https:\/\/inmacis.com.br\/index.php\/wp-json\/wp\/v2\/pages\/3124"}],"collection":[{"href":"https:\/\/inmacis.com.br\/index.php\/wp-json\/wp\/v2\/pages"}],"about":[{"href":"https:\/\/inmacis.com.br\/index.php\/wp-json\/wp\/v2\/types\/page"}],"author":[{"embeddable":true,"href":"https:\/\/inmacis.com.br\/index.php\/wp-json\/wp\/v2\/users\/2"}],"replies":[{"embeddable":true,"href":"https:\/\/inmacis.com.br\/index.php\/wp-json\/wp\/v2\/comments?post=3124"}],"version-history":[{"count":77,"href":"https:\/\/inmacis.com.br\/index.php\/wp-json\/wp\/v2\/pages\/3124\/revisions"}],"predecessor-version":[{"id":15368,"href":"https:\/\/inmacis.com.br\/index.php\/wp-json\/wp\/v2\/pages\/3124\/revisions\/15368"}],"wp:attachment":[{"href":"https:\/\/inmacis.com.br\/index.php\/wp-json\/wp\/v2\/media?parent=3124"}],"curies":[{"name":"wp","href":"https:\/\/api.w.org\/{rel}","templated":true}]}}