{"id":13947,"date":"2023-03-12T13:31:56","date_gmt":"2023-03-12T16:31:56","guid":{"rendered":"https:\/\/inmacis.com.br\/?page_id=13947"},"modified":"2023-03-12T14:40:03","modified_gmt":"2023-03-12T17:40:03","slug":"nossa-galeria-de-videos","status":"publish","type":"page","link":"https:\/\/inmacis.com.br\/index.php\/nossa-galeria-de-videos\/","title":{"rendered":"Nossa galeria de v\u00eddeos"},"content":{"rendered":"\t\t<div data-elementor-type=\"wp-post\" data-elementor-id=\"13947\" class=\"elementor elementor-13947\" data-elementor-post-type=\"page\">\n\t\t\t\t\t\t<section class=\"elementor-section elementor-top-section elementor-element elementor-element-cb5d564 elementor-section-boxed elementor-section-height-default elementor-section-height-default\" data-id=\"cb5d564\" data-element_type=\"section\">\n\t\t\t\t\t\t<div class=\"elementor-container elementor-column-gap-default\">\n\t\t\t\t\t<div class=\"elementor-column elementor-col-100 elementor-top-column elementor-element elementor-element-17e8e76 top column-style-top\" data-id=\"17e8e76\" data-element_type=\"column\">\n\t\t\t<div class=\"elementor-widget-wrap elementor-element-populated\">\n\t\t\t\t\t\t<div class=\"elementor-element elementor-element-149b0ee elementor-widget elementor-widget-shortcode\" data-id=\"149b0ee\" data-element_type=\"widget\" data-widget_type=\"shortcode.default\">\n\t\t\t\t<div class=\"elementor-widget-container\">\n\t\t\t\t\t<div class=\"elementor-shortcode\"><div class=\"gallery-precon gp1\" style=\"width:px;height:auto;\"><div class=\"videogallery-con\" style=\"width:px;\"><div class=\"dzsvg-preloader\"><div class=\"dzsvg-preloader--spinner\"><div class=\"bc1\"><\/div><div class=\"bc2\"><\/div><div class=\"bc3\"><\/div><\/div><\/div><div class=\"vg1 transition-fade dzsvg-videogallery videogallery videogallery-1 auto-init id_galeria-de-videos-inmacis skin-navtransparent navigation-skin--skin-navtransparent\"  id=\"galeria-de-videos-inmacis\"  data-dzsvg-gallery-id=\"galeria-de-videos-inmacis\"  data-options='{\"settings_menu_overlay\":\"on\",\"nav_type_outer_grid\":\"default\",\"logo\":\"https:\\\/\\\/inmacis.com.br\\\/wp-content\\\/uploads\\\/2023\\\/03\\\/inmacis-341-1.jpg\",\"logoLink\":\"inmacis-rebranding.com\\\/\",\"transition_type\":\"fade\",\"design_skin\":\"skin-navtransparent\",\"videoplayersettings\":\"skinauroradefault\"}'    style='background-color:rgb(158, 6, 6);'><div class=\"items\"><div   class=\"vp1 vplayer-tobe \" data-player-id=\"14040\" data-videoTitle=\"Pegador de fardos quadrados inmacis\" data-sourcevp=\"https:\/\/inmacis.com.br\/wp-content\/uploads\/2023\/03\/pegador-de-fardos-cuadrados-inmacis.mp4\"><div hidden class=\"videoDescription feed-dzsvg description-from-parse_items\">O Pegador para Fardos Retangulares da Inmacis \u00e9 um equipamento acopl\u00e1vel \u00e0 Torre de Empilhadeira modelo TEI 1200 ou a qualquer modelo de Concha Fro<\/div><div hidden class=\"feed-menu-number\" aria-hidden=\"true\">1<\/div>\n<div hidden class=\"feed-menu-title\" aria-hidden=\"true\">Pegador de fardos quadrados inmacis<\/div><div hidden class=\"feed-menu-image\" aria-hidden=\"true\"><\/div><div hidden class=\"feed-menu-desc\" aria-hidden=\"true\">O Pegador para Fardos Retangulares da Inmacis \u00e9 um equipamento acopl\u00e1vel \u00e0 Torre de Empilhadeira modelo TEI 1200 ou a qualquer modelo de Concha Fro<\/div><\/div><div   class=\"vp2 vplayer-tobe \" data-player-id=\"14041\" data-videoTitle=\"pegador de fardos redondos inmacis\" data-sourcevp=\"https:\/\/inmacis.com.br\/wp-content\/uploads\/2023\/03\/pegador-de-fardos-redondos-inmacis.mp4\"><div hidden class=\"videoDescription feed-dzsvg description-from-parse_items\">O Pegador para Fardos Redondos da Inmacis \u00e9 uma solu\u00e7\u00e3o pr\u00e1tica e eficiente para o armazenamento e movimenta\u00e7\u00e3o de fardos redondos. Desenvolvido<\/div><div hidden class=\"feed-menu-number\" aria-hidden=\"true\">2<\/div>\n<div hidden class=\"feed-menu-title\" aria-hidden=\"true\">pegador de fardos redondos inmacis<\/div><div hidden class=\"feed-menu-image\" aria-hidden=\"true\"><\/div><div hidden class=\"feed-menu-desc\" aria-hidden=\"true\">O Pegador para Fardos Redondos da Inmacis \u00e9 uma solu\u00e7\u00e3o pr\u00e1tica e eficiente para o armazenamento e movimenta\u00e7\u00e3o de fardos redondos. Desenvolvido<\/div><\/div><\/div><!-- end .items--><script type=\"text\/html\" hidden class=\" feed-dzsvg feed-dzsvg--embedcode\"><div style=\"width: 100%; padding-top: 67.5%; position: relative;\"><iframe src=\"https:\/\/inmacis.com.br?action=embed_dzsvg&type=gallery&margs=ImdhbGxlcnki&id=\"  width=\"100%\" style=\"position:absolute; top:0; left:0; width: 100%; height: 100%;\" scrolling=\"no\" frameborder=\"0\" allowfullscreen allow><\/iframe><\/div><\/script><div hidden class=\"feed-dzsvg feed-dzsvg--socialCode\"><a class=\"dzsvg-social-icon\" target=\"_blank\" href=\"#\"><i class=\"fa fa-facebook\"><\/i><\/a><a class=\"dzsvg-social-icon\" target=\"_blank\"  href=\"#\"><i class=\"fa fa-twitter\"><\/i><\/a><a class=\"dzsvg-social-icon\" target=\"_blank\"  href=\"#\"><i class=\"fa fa-google-plus-official\" aria-hidden=\"true\"><\/i><\/a><\/div><\/div><\/div><div class=\"clear\"><\/div><\/div><\/div>\n\t\t\t\t<\/div>\n\t\t\t\t<\/div>\n\t\t\t\t\t<\/div>\n\t\t<\/div>\n\t\t\t\t\t<\/div>\n\t\t<\/section>\n\t\t\t\t<section class=\"elementor-section elementor-top-section elementor-element elementor-element-7241000 elementor-section-boxed elementor-section-height-default elementor-section-height-default\" data-id=\"7241000\" data-element_type=\"section\" data-settings=\"{&quot;background_background&quot;:&quot;video&quot;,&quot;background_video_link&quot;:&quot;https:\\\/\\\/inmacis.com.br\\\/wp-content\\\/uploads\\\/2023\\\/03\\\/inmacis-background.mp4&quot;,&quot;background_play_on_mobile&quot;:&quot;yes&quot;}\">\n\t\t\t\t\t\t\t\t<div class=\"elementor-background-video-container\">\n\t\t\t\t\t\t\t\t\t\t\t\t\t<video class=\"elementor-background-video-hosted elementor-html5-video\" autoplay muted playsinline loop><\/video>\n\t\t\t\t\t\t\t\t\t\t\t<\/div>\n\t\t\t\t\t\t\t\t\t<div class=\"elementor-background-overlay\"><\/div>\n\t\t\t\t\t\t\t<div class=\"elementor-container elementor-column-gap-default\">\n\t\t\t\t\t<div class=\"elementor-column elementor-col-50 elementor-top-column elementor-element elementor-element-a4c0829 top column-style-top\" data-id=\"a4c0829\" data-element_type=\"column\">\n\t\t\t<div class=\"elementor-widget-wrap elementor-element-populated\">\n\t\t\t\t\t\t<div class=\"elementor-element elementor-element-122fdf8 elementor-widget elementor-widget-text-editor\" data-id=\"122fdf8\" data-element_type=\"widget\" data-widget_type=\"text-editor.default\">\n\t\t\t\t<div class=\"elementor-widget-container\">\n\t\t\t<style>\/*! elementor - v3.23.0 - 05-08-2024 *\/\n.elementor-widget-text-editor.elementor-drop-cap-view-stacked .elementor-drop-cap{background-color:#69727d;color:#fff}.elementor-widget-text-editor.elementor-drop-cap-view-framed .elementor-drop-cap{color:#69727d;border:3px solid;background-color:transparent}.elementor-widget-text-editor:not(.elementor-drop-cap-view-default) .elementor-drop-cap{margin-top:8px}.elementor-widget-text-editor:not(.elementor-drop-cap-view-default) .elementor-drop-cap-letter{width:1em;height:1em}.elementor-widget-text-editor .elementor-drop-cap{float:left;text-align:center;line-height:1;font-size:50px}.elementor-widget-text-editor .elementor-drop-cap-letter{display:inline-block}<\/style>\t\t\t\t<p style=\"text-align: center;\">N\u00e3o deixe a falta de contato te impedir de alcan\u00e7ar o sucesso. Solicite seu or\u00e7amento gratuito agora mesmo e comece a colher os benef\u00edcios!<\/p>\t\t\t\t\t\t<\/div>\n\t\t\t\t<\/div>\n\t\t\t\t<div class=\"elementor-element elementor-element-1fe15f5 elementor-widget elementor-widget-gva-heading-block\" data-id=\"1fe15f5\" data-element_type=\"widget\" data-widget_type=\"gva-heading-block.default\">\n\t\t\t\t<div class=\"elementor-widget-container\">\n\t\t\t<div class=\"gva-element-gva-heading-block gva-element\">   <div class=\"align-center style-1 widget gsc-heading box-align-left\">\r\n      <div class=\"content-inner\">\r\n         \r\n                  \r\n           \r\n         \r\n                     <h2 class=\"title\">\r\n               <span>Obtenha um Or\u00e7amento Gratuito!<\/span>\r\n            <\/h2>\r\n                  \r\n         \r\n      <\/div>\r\n   <\/div>\r\n   <div class=\"clearfix\"><\/div>\r\n<\/div>\t\t<\/div>\n\t\t\t\t<\/div>\n\t\t\t\t<div class=\"elementor-element elementor-element-39dd8c6 full-width elementor-widget elementor-widget-gva-call-to-action\" data-id=\"39dd8c6\" data-element_type=\"widget\" data-widget_type=\"gva-call-to-action.default\">\n\t\t\t\t<div class=\"elementor-widget-container\">\n\t\t\t<div class=\"gva-element-gva-call-to-action gva-element\">\r\n   <div class=\"button-center widget gsc-call-to-action\">\r\n      <div class=\"content-inner clearfix\" >\r\n         <div class=\"cta-content\">\r\n                           <h2 class=\"title\">\r\n                  <span>\u00a0<\/span>\r\n               <\/h2>\r\n                                             <\/div>\r\n                     <div class=\"button-action\">\r\n                       <a href=\"https:\/\/inmacis.com.br\/index.php\/pagina-de-contato\/\" class=\"btn-cta btn-theme\">\r\n          <span>Contate-nos<\/span>\r\n        <\/a>\r\n\r\n                    <\/div>\r\n               <\/div>\r\n   <\/div>\r\n<\/div>\t\t<\/div>\n\t\t\t\t<\/div>\n\t\t\t\t\t<\/div>\n\t\t<\/div>\n\t\t\t\t<div class=\"elementor-column elementor-col-50 elementor-top-column elementor-element elementor-element-04b8284 top column-style-top\" data-id=\"04b8284\" data-element_type=\"column\">\n\t\t\t<div class=\"elementor-widget-wrap elementor-element-populated\">\n\t\t\t\t\t\t<div class=\"elementor-element elementor-element-33b7ba1 elementor-widget__width-auto elementor-widget-mobile__width-inherit elementor-widget elementor-widget-text-editor\" data-id=\"33b7ba1\" data-element_type=\"widget\" data-widget_type=\"text-editor.default\">\n\t\t\t\t<div class=\"elementor-widget-container\">\n\t\t\t\t\t\t\t<p>Assista nosso v\u00eddeo<\/p>\t\t\t\t\t\t<\/div>\n\t\t\t\t<\/div>\n\t\t\t\t<div class=\"elementor-element elementor-element-79a3229 elementor-widget__width-auto elementor-widget elementor-widget-gva-video-box\" data-id=\"79a3229\" data-element_type=\"widget\" data-widget_type=\"gva-video-box.default\">\n\t\t\t\t<div class=\"elementor-widget-container\">\n\t\t\t<div class=\"gva-element-gva-video-box gva-element\">\r\n   <div class=\"widget gsc-video-box clearfix style-1\">\r\n      <div class=\"video-inner\">\r\n         <div class=\"video-image\">\r\n               \r\n            <div class=\"video-action\">\r\n                                 <a href=\"https:\/\/www.youtube.com\/watch?v=OwmZxZz4OUY\" class=\"popup-video\"><span><i class=\"fa fa-play\"><\/i><\/span><\/a>\r\n                 \r\n            <\/div>    \r\n         <\/div>\r\n            \r\n      <\/div>\r\n   <\/div> \r\n\r\n \r\n<\/div>\t\t<\/div>\n\t\t\t\t<\/div>\n\t\t\t\t\t<\/div>\n\t\t<\/div>\n\t\t\t\t\t<\/div>\n\t\t<\/section>\n\t\t\t\t<\/div>\n\t\t","protected":false},"excerpt":{"rendered":"<p>N\u00e3o deixe a falta de contato te impedir de alcan\u00e7ar o sucesso. Solicite seu or\u00e7amento gratuito agora mesmo e comece a colher os benef\u00edcios! Obtenha um Or\u00e7amento Gratuito! \u00a0 Contate-nos Assista nosso v\u00eddeo<\/p>\n","protected":false},"author":1,"featured_media":0,"parent":0,"menu_order":0,"comment_status":"closed","ping_status":"closed","template":"","meta":{"_seopress_robots_primary_cat":"","_seopress_titles_title":"","_seopress_titles_desc":"","_seopress_robots_index":"","om_disable_all_campaigns":false,"inline_featured_image":false,"_monsterinsights_skip_tracking":false,"_monsterinsights_sitenote_active":false,"_monsterinsights_sitenote_note":"","_monsterinsights_sitenote_category":0,"_uf_show_specific_survey":0,"_uf_disable_surveys":false,"footnotes":""},"class_list":["post-13947","page","type-page","status-publish","hentry"],"_links":{"self":[{"href":"https:\/\/inmacis.com.br\/index.php\/wp-json\/wp\/v2\/pages\/13947"}],"collection":[{"href":"https:\/\/inmacis.com.br\/index.php\/wp-json\/wp\/v2\/pages"}],"about":[{"href":"https:\/\/inmacis.com.br\/index.php\/wp-json\/wp\/v2\/types\/page"}],"author":[{"embeddable":true,"href":"https:\/\/inmacis.com.br\/index.php\/wp-json\/wp\/v2\/users\/1"}],"replies":[{"embeddable":true,"href":"https:\/\/inmacis.com.br\/index.php\/wp-json\/wp\/v2\/comments?post=13947"}],"version-history":[{"count":28,"href":"https:\/\/inmacis.com.br\/index.php\/wp-json\/wp\/v2\/pages\/13947\/revisions"}],"predecessor-version":[{"id":14007,"href":"https:\/\/inmacis.com.br\/index.php\/wp-json\/wp\/v2\/pages\/13947\/revisions\/14007"}],"wp:attachment":[{"href":"https:\/\/inmacis.com.br\/index.php\/wp-json\/wp\/v2\/media?parent=13947"}],"curies":[{"name":"wp","href":"https:\/\/api.w.org\/{rel}","templated":true}]}}