{"id":13855,"date":"2023-03-11T22:53:34","date_gmt":"2023-03-12T01:53:34","guid":{"rendered":"https:\/\/inmacis.com.br\/?page_id=13855"},"modified":"2023-03-11T23:04:11","modified_gmt":"2023-03-12T02:04:11","slug":"politicas-de-privacidade","status":"publish","type":"page","link":"https:\/\/inmacis.com.br\/index.php\/politicas-de-privacidade\/","title":{"rendered":"Pol\u00edticas de privacidade"},"content":{"rendered":"\t\t<div data-elementor-type=\"wp-page\" data-elementor-id=\"13855\" class=\"elementor elementor-13855\" data-elementor-post-type=\"page\">\n\t\t\t\t\t\t<section class=\"elementor-section elementor-top-section elementor-element elementor-element-1aa687f elementor-section-boxed elementor-section-height-default elementor-section-height-default\" data-id=\"1aa687f\" data-element_type=\"section\">\n\t\t\t\t\t\t<div class=\"elementor-container elementor-column-gap-default\">\n\t\t\t\t\t<div class=\"elementor-column elementor-col-100 elementor-top-column elementor-element elementor-element-9f0d808 top column-style-top\" data-id=\"9f0d808\" data-element_type=\"column\">\n\t\t\t<div class=\"elementor-widget-wrap elementor-element-populated\">\n\t\t\t\t\t\t<div class=\"elementor-element elementor-element-0b963c5 elementor-widget elementor-widget-text-editor\" data-id=\"0b963c5\" data-element_type=\"widget\" data-widget_type=\"text-editor.default\">\n\t\t\t\t<div class=\"elementor-widget-container\">\n\t\t\t<style>\/*! elementor - v3.23.0 - 05-08-2024 *\/\n.elementor-widget-text-editor.elementor-drop-cap-view-stacked .elementor-drop-cap{background-color:#69727d;color:#fff}.elementor-widget-text-editor.elementor-drop-cap-view-framed .elementor-drop-cap{color:#69727d;border:3px solid;background-color:transparent}.elementor-widget-text-editor:not(.elementor-drop-cap-view-default) .elementor-drop-cap{margin-top:8px}.elementor-widget-text-editor:not(.elementor-drop-cap-view-default) .elementor-drop-cap-letter{width:1em;height:1em}.elementor-widget-text-editor .elementor-drop-cap{float:left;text-align:center;line-height:1;font-size:50px}.elementor-widget-text-editor .elementor-drop-cap-letter{display:inline-block}<\/style>\t\t\t\t<h1 style=\"text-align: center;\">Pol\u00edtica de Privacidade para Inmacis.com.br<\/h1><p>Na <strong>Inmacis.com.br<\/strong>, a privacidade dos nossos visitantes \u00e9 extremamente importante para n\u00f3s. Esta Pol\u00edtica de Privacidade descreve os tipos de\u00a0 informa\u00e7\u00f5es pessoais que recebemos e coletamos quando voc\u00ea visita Inmacis.com.br e como essas informa\u00e7\u00f5es s\u00e3o utilizadas.<\/p><p><strong>Registros<\/strong><\/p><p>Assim como muitos outros sites, Inmacis.com.br utiliza registros. As informa\u00e7\u00f5es contidas nos registros incluem endere\u00e7os de Protocolo de Internet (IP), tipo de navegador, provedor de servi\u00e7os de internet (ISP), data\/hora, p\u00e1ginas de refer\u00eancia\/sa\u00edda e n\u00famero de cliques para analisar tend\u00eancias, administrar o site, rastrear o movimento do usu\u00e1rio ao redor do site e coletar informa\u00e7\u00f5es demogr\u00e1ficas. Os endere\u00e7os IP e outras informa\u00e7\u00f5es similares n\u00e3o est\u00e3o vinculados a nenhuma informa\u00e7\u00e3o que seja pessoalmente identific\u00e1vel.<\/p><p><strong>Cookies e Tecnologias Semelhantes<\/strong><\/p><p>Inmacis.com.br utiliza cookies e tecnologias semelhantes para armazenar informa\u00e7\u00f5es sobre as prefer\u00eancias dos visitantes, registrar informa\u00e7\u00f5es espec\u00edficas do usu\u00e1rio sobre quais p\u00e1ginas s\u00e3o acessadas ou visitadas e personalizar o conte\u00fado da p\u00e1gina da web com base no tipo de navegador dos visitantes ou outras informa\u00e7\u00f5es que o visitante envia por meio do navegador.<\/p><p>Os visitantes podem optar por n\u00e3o participar do uso de cookies e tecnologias semelhantes, ajustando as configura\u00e7\u00f5es do seu navegador da Internet. No entanto, observe que ao fazer isso, algumas partes de Inmacis.com.br podem n\u00e3o funcionar corretamente.<\/p><p><strong>Coleta de Informa\u00e7\u00f5es Pessoais<\/strong><\/p><p>Inmacis.com.br coleta informa\u00e7\u00f5es pessoais dos visitantes apenas quando fornecidas voluntariamente. Essas informa\u00e7\u00f5es s\u00e3o utilizadas apenas para os fins espec\u00edficos para os quais foram fornecidas, como responder a uma consulta ou processar um pedido. Nunca compartilhamos, vendemos ou alugamos informa\u00e7\u00f5es pessoais a terceiros sem o consentimento pr\u00e9vio dos visitantes.<\/p><p><strong>Links de Terceiros<\/strong><\/p><p>Inmacis.com.br pode conter links para outros sites. N\u00e3o somos respons\u00e1veis pelas pr\u00e1ticas de privacidade ou conte\u00fado desses sites.<\/p><p><strong>Altera\u00e7\u00f5es na Pol\u00edtica de Privacidade<\/strong><\/p><p><strong>Inmacis.com.br<\/strong> reserva-se o direito de alterar esta Pol\u00edtica de Privacidade a qualquer momento. Quaisquer altera\u00e7\u00f5es na Pol\u00edtica de Privacidade ser\u00e3o publicadas nesta p\u00e1gina.<\/p><p><strong>Entre em Contato Conosco<\/strong><\/p><p>Se voc\u00ea tiver alguma d\u00favida ou preocupa\u00e7\u00e3o com rela\u00e7\u00e3o \u00e0 nossa Pol\u00edtica de Privacidade, n\u00e3o hesite em entrar em contato conosco atrav\u00e9s da p\u00e1gina de contato em Inmacis.com.br.<\/p><p><strong>Endere\u00e7o<\/strong>:\u00a0<\/p><p>Rua Campo das Palmas, 381 &#8211; Centro Holambra\/SP Cep 13.825-000<\/p><p><strong>E-mail:<\/strong><br \/><a href=\"mailto:vendas@inmacis.com.br\" target=\"_new\">vendas@inmacis.com.br<\/a><\/p><p><strong>Telefone:<\/strong><br \/>(19) 3802 1208 \/ (19) 99733-9872<\/p>\t\t\t\t\t\t<\/div>\n\t\t\t\t<\/div>\n\t\t\t\t\t<\/div>\n\t\t<\/div>\n\t\t\t\t\t<\/div>\n\t\t<\/section>\n\t\t\t\t<\/div>\n\t\t","protected":false},"excerpt":{"rendered":"<p>Pol\u00edtica de Privacidade para Inmacis.com.br Na Inmacis.com.br, a privacidade dos nossos visitantes \u00e9 extremamente importante para n\u00f3s. Esta Pol\u00edtica de Privacidade descreve os tipos de\u00a0 informa\u00e7\u00f5es pessoais que recebemos e coletamos quando voc\u00ea visita Inmacis.com.br e como essas informa\u00e7\u00f5es s\u00e3o utilizadas. Registros Assim como muitos outros sites, Inmacis.com.br utiliza registros. As informa\u00e7\u00f5es contidas nos registros [&hellip;]<\/p>\n","protected":false},"author":1,"featured_media":0,"parent":0,"menu_order":0,"comment_status":"closed","ping_status":"closed","template":"","meta":{"_seopress_robots_primary_cat":"","_seopress_titles_title":"","_seopress_titles_desc":"","_seopress_robots_index":"","om_disable_all_campaigns":false,"inline_featured_image":false,"_monsterinsights_skip_tracking":false,"_monsterinsights_sitenote_active":false,"_monsterinsights_sitenote_note":"","_monsterinsights_sitenote_category":0,"_uf_show_specific_survey":0,"_uf_disable_surveys":false,"footnotes":""},"class_list":["post-13855","page","type-page","status-publish","hentry"],"_links":{"self":[{"href":"https:\/\/inmacis.com.br\/index.php\/wp-json\/wp\/v2\/pages\/13855"}],"collection":[{"href":"https:\/\/inmacis.com.br\/index.php\/wp-json\/wp\/v2\/pages"}],"about":[{"href":"https:\/\/inmacis.com.br\/index.php\/wp-json\/wp\/v2\/types\/page"}],"author":[{"embeddable":true,"href":"https:\/\/inmacis.com.br\/index.php\/wp-json\/wp\/v2\/users\/1"}],"replies":[{"embeddable":true,"href":"https:\/\/inmacis.com.br\/index.php\/wp-json\/wp\/v2\/comments?post=13855"}],"version-history":[{"count":4,"href":"https:\/\/inmacis.com.br\/index.php\/wp-json\/wp\/v2\/pages\/13855\/revisions"}],"predecessor-version":[{"id":13860,"href":"https:\/\/inmacis.com.br\/index.php\/wp-json\/wp\/v2\/pages\/13855\/revisions\/13860"}],"wp:attachment":[{"href":"https:\/\/inmacis.com.br\/index.php\/wp-json\/wp\/v2\/media?parent=13855"}],"curies":[{"name":"wp","href":"https:\/\/api.w.org\/{rel}","templated":true}]}}